{"id":349,"date":"2016-01-11T15:26:43","date_gmt":"2016-01-11T15:26:43","guid":{"rendered":"http:\/\/todocanon.com\/web\/?page_id=349"},"modified":"2025-05-05T07:40:38","modified_gmt":"2025-05-05T13:40:38","slug":"home-2","status":"publish","type":"page","link":"https:\/\/todocanon.com\/web\/","title":{"rendered":"Home 2"},"content":{"rendered":"<div class=\"wpb-content-wrapper\"><p>[vc_row full_width=\u00bbstretch_row\u00bb css=\u00bb.vc_custom_1742442426938{padding-top: 5.1rem !important;padding-bottom: 5.1rem !important;background-image: url(https:\/\/todocanon.com\/web\/wp-content\/uploads\/2025\/03\/white-electronics-s2-bg-new.jpg?id=1814) !important;}\u00bb][vc_column][vc_row_inner][vc_column_inner width=\u00bb1\/3&#8243;]<span class=\"sc_icon icon-user aligncenter margin_bottom_tiny\" style=\"display:block;font-size:75px; line-height: 1em;\"><\/span><span class=\"sc_highlight sc_highlight_style_3\" style=\"````color:#2b2b2b;font-size:14px; line-height: 1em;\"><\/p>\n<blockquote>\n<p style=\"text-align: center;\"><span style=\"font-size: 14pt;\">Somos una empresa venezolana, con mas de 15 a\u00f1os de experiencia en la venta y distribuci\u00f2n de productos y accesorios fotogr\u00e1ficos de la prestigiosa marca CANON.<\/span><\/p>\n<\/blockquote>\n<p><\/span>[\/vc_column_inner][vc_column_inner width=\u00bb1\/3&#8243;]<span class=\"sc_icon icon-camera aligncenter margin_bottom_tiny\" style=\"display:block;font-size:75px; line-height: 1em;\"><\/span><span class=\"sc_highlight sc_highlight_style_3\" style=\"color:#000000;font-size:14px; line-height: 1em;\"><\/p>\n<blockquote>\n<p style=\"text-align: center;\"><span style=\"font-size: 14pt;\">Contamos con stock permanente de equipos y accesorios para los amantes de la fotograf\u00eda. Todos nuestros productos cuentan con la garant\u00eda de CANON en su pa\u00ecs.<\/span><\/p>\n<\/blockquote>\n<p><\/span>[\/vc_column_inner][vc_column_inner width=\u00bb1\/3&#8243;]<span class=\"sc_icon icon-location aligncenter margin_bottom_tiny\" style=\"display:block;font-size:75px; line-height: 1em;\"><\/span><span class=\"sc_highlight sc_highlight_style_3\" style=\"color:#000000;font-size:14px; line-height: 1em;\"><\/p>\n<blockquote>\n<p style=\"text-align: center;\"><span style=\"font-size: 14pt;\">Distribuimos los productos a cualquier parte de latinoam\u00e9rica, con la garant\u00eca de CANON, contando con sucursales en Venezuela y Colombia.<\/span><\/p>\n<\/blockquote>\n<p><\/span>[\/vc_column_inner][\/vc_row_inner][vc_text_separator title=\u00bbLinea de Soporte directo con el Fabricante\u00bb color=\u00bbblack\u00bb border_width=\u00bb2&#8243;][vc_cta h2=\u00bb\u00bb style=\u00bb3d\u00bb css=\u00bb\u00bb]<\/p>\n<p style=\"text-align: center;\"><span style=\"font-size: 18pt;\"><strong><img loading=\"lazy\" decoding=\"async\" class=\"alignnone wp-image-1910\" src=\"https:\/\/todocanon.com\/web\/wp-content\/uploads\/2025\/04\/kindpng_1093545-150x150.png\" alt=\"telefono\" width=\"26\" height=\"26\" srcset=\"https:\/\/todocanon.com\/web\/wp-content\/uploads\/2025\/04\/kindpng_1093545-150x150.png 150w, https:\/\/todocanon.com\/web\/wp-content\/uploads\/2025\/04\/kindpng_1093545-300x300.png 300w, https:\/\/todocanon.com\/web\/wp-content\/uploads\/2025\/04\/kindpng_1093545-768x769.png 768w, https:\/\/todocanon.com\/web\/wp-content\/uploads\/2025\/04\/kindpng_1093545.png 920w\" sizes=\"auto, (max-width: 26px) 100vw, 26px\" \/> 0800-1007903<\/strong><\/span><\/p>\n<p>[\/vc_cta][\/vc_column][\/vc_row][vc_row full_width=\u00bbstretch_row\u00bb css=\u00bb.vc_custom_1742961303396{padding-top: 5.1rem !important;padding-bottom: 5.1rem !important;background-image: url(https:\/\/todocanon.com\/web\/wp-content\/uploads\/2025\/03\/camera-736192_1280.jpg?id=1885) !important;background-position: center !important;background-repeat: no-repeat !important;background-size: cover !important;}\u00bb][vc_column][vc_row_inner css=\u00bb.vc_custom_1742933375448{padding-top: 10px !important;}\u00bb][vc_column_inner width=\u00bb1\/5&#8243;][vc_single_image image=\u00bb1862&#8243; img_size=\u00bblarge\u00bb onclick=\u00bbcustom_link\u00bb img_link_target=\u00bb_blank\u00bb css_animation=\u00bbfadeInUp\u00bb css=\u00bb\u00bb link=\u00bbhttps:\/\/www.cla.canon.com\/cla\/es\/consumer\/products\/cameras\/eos_cameras\u00bb][\/vc_column_inner][vc_column_inner width=\u00bb1\/5&#8243;][vc_single_image image=\u00bb1864&#8243; img_size=\u00bblarge\u00bb onclick=\u00bbcustom_link\u00bb img_link_target=\u00bb_blank\u00bb css_animation=\u00bbfadeInUp\u00bb css=\u00bb\u00bb link=\u00bbhttps:\/\/www.cla.canon.com\/cla\/es\/consumer\/products\/cameras\/powershot_cameras\u00bb][\/vc_column_inner][vc_column_inner width=\u00bb1\/5&#8243;][vc_single_image image=\u00bb1866&#8243; img_size=\u00bblarge\u00bb onclick=\u00bbcustom_link\u00bb img_link_target=\u00bb_blank\u00bb css_animation=\u00bbfadeInUp\u00bb css=\u00bb\u00bb link=\u00bbhttps:\/\/www.cla.canon.com\/cla\/es\/consumer\/products\/cameras\/lenses\u00bb][\/vc_column_inner][vc_column_inner width=\u00bb1\/5&#8243;][vc_single_image image=\u00bb1862&#8243; img_size=\u00bblarge\u00bb onclick=\u00bbcustom_link\u00bb img_link_target=\u00bb_blank\u00bb css_animation=\u00bbfadeInUp\u00bb css=\u00bb\u00bb link=\u00bbhttps:\/\/www.cla.canon.com\/cla\/es\/consumer\/products\/cameras\/eos_cameras\u00bb][\/vc_column_inner][vc_column_inner width=\u00bb1\/5&#8243;][vc_single_image image=\u00bb1865&#8243; img_size=\u00bblarge\u00bb onclick=\u00bbcustom_link\u00bb img_link_target=\u00bb_blank\u00bb css_animation=\u00bbfadeInUp\u00bb css=\u00bb\u00bb link=\u00bbhttps:\/\/www.cla.canon.com\/cla\/es\/consumer\/products\/cameras\/speedlite_flash_lineup\u00bb][\/vc_column_inner][\/vc_row_inner][vc_row_inner css=\u00bb.vc_custom_1742960754553{padding-top: 20px !important;}\u00bb][vc_column_inner width=\u00bb1\/5&#8243;][vc_single_image image=\u00bb1873&#8243; img_size=\u00bblarge\u00bb onclick=\u00bbcustom_link\u00bb img_link_target=\u00bb_blank\u00bb css_animation=\u00bbfadeInUp\u00bb css=\u00bb\u00bb link=\u00bbhttps:\/\/www.cla.canon.com\/cla\/es\/consumer\/products\/printers_multifunction\/photo_all_in_one_inkjet_printers\u00bb][\/vc_column_inner][vc_column_inner width=\u00bb1\/5&#8243;][vc_single_image image=\u00bb1872&#8243; img_size=\u00bblarge\u00bb onclick=\u00bbcustom_link\u00bb img_link_target=\u00bb_blank\u00bb css_animation=\u00bbfadeInUp\u00bb css=\u00bb\u00bb link=\u00bbhttps:\/\/www.cla.canon.com\/cla\/es\/consumer\/products\/printers_multifunction\/refill_built_in_ink_tank\u00bb][\/vc_column_inner][vc_column_inner width=\u00bb1\/5&#8243;][vc_single_image image=\u00bb1871&#8243; img_size=\u00bblarge\u00bb onclick=\u00bbcustom_link\u00bb img_link_target=\u00bb_blank\u00bb css_animation=\u00bbfadeInUp\u00bb css=\u00bb\u00bb link=\u00bbhttps:\/\/www.cla.canon.com\/cla\/es\/consumer\/products\/camcorders\/consumer_camcorders\u00bb][\/vc_column_inner][vc_column_inner width=\u00bb1\/5&#8243;][vc_single_image image=\u00bb1870&#8243; img_size=\u00bblarge\u00bb onclick=\u00bbcustom_link\u00bb img_link_target=\u00bb_blank\u00bb css_animation=\u00bbfadeInUp\u00bb css=\u00bb\u00bb link=\u00bbhttps:\/\/www.cla.canon.com\/cla\/es\/consumer\/products\/projectors_visualizers\/medical_projectors\u00bb][\/vc_column_inner][vc_column_inner width=\u00bb1\/5&#8243;][vc_single_image image=\u00bb1874&#8243; img_size=\u00bblarge\u00bb onclick=\u00bbcustom_link\u00bb img_link_target=\u00bb_blank\u00bb css_animation=\u00bbfadeInUp\u00bb css=\u00bb\u00bb link=\u00bbhttps:\/\/www.cla.canon.com\/cla\/es\/consumer\/products\/calculators\u00bb][\/vc_column_inner][\/vc_row_inner][\/vc_column][\/vc_row][vc_row full_width=\u00bbstretch_row\u00bb equal_height=\u00bbyes\u00bb css_animation=\u00bbbounceIn\u00bb disable_element=\u00bbyes\u00bb scheme=\u00bbTC01&#8243; css=\u00bb.vc_custom_1742243719528{padding-top: 5.1rem !important;padding-right: 5.1rem !important;padding-bottom: 5.1rem !important;padding-left: 5.1rem !important;background: #f4f4f4 url(https:\/\/todocanon.com\/web\/wp-content\/uploads\/2020\/08\/Canon_EOS_R_Main-scaled.jpg?id=1300) !important;background-position: center !important;background-repeat: no-repeat !important;background-size: cover !important;}\u00bb][vc_column]<h3 class=\"sc_title sc_title_regular margin_top_null margin_bottom_null\"><\/p>\n<p style=\"text-align: center;\"><span style=\"color: #ffffff;\">Productos en INSTAGRAM<\/span><\/p>\n<p><\/h3>[vc_column_text css=\u00bb.vc_custom_1704347632150{margin-top: -20px !important;}\u00bb]<\/p>\n<h4 style=\"text-align: center;\"><span style=\"color: #ffffff;\">Visita: <span style=\"color: #ffff00;\"><a style=\"color: #ffff00;\" href=\"https:\/\/www.instagram.com\/tecnicanon3\/\" target=\"_blank\" rel=\"noopener\">instagram.com\/tecnicanon3\/<\/a><\/span><\/span><\/h4>\n<p>[\/vc_column_text][\/vc_column][\/vc_row][vc_row full_width=\u00bbstretch_row\u00bb css=\u00bb.vc_custom_1742562793995{padding-top: 5.1rem !important;padding-bottom: 5.1rem !important;background: #f9f9f9 url(https:\/\/todocanon.com\/web\/wp-content\/uploads\/2025\/03\/white-electronics-s1-bg-1-opt.jpg?id=1824) !important;background-position: center !important;background-repeat: no-repeat !important;background-size: cover !important;}\u00bb][vc_column css=\u00bb.vc_custom_1454324979195{padding-top: 3rem !important;}\u00bb]<h2 class=\"sc_title sc_title_regular margin_top_null margin_bottom_tiny\" style=\"````\" data-animation=\"animated fadeInUpBig normal\">GALERIA DE VIDEOS <span style=\"color: #ff0000;\"><strong>CANON<\/strong><\/span><\/h2>[vc_row_inner css=\u00bb.vc_custom_1742562662565{background-position: center !important;background-repeat: no-repeat !important;background-size: cover !important;}\u00bb][vc_column_inner width=\u00bb1\/3&#8243;][vc_video link=\u00bbhttps:\/\/www.youtube.com\/watch?v=vV1VcQZ0Tlc\u00bb css=\u00bb\u00bb][\/vc_column_inner][vc_column_inner width=\u00bb1\/3&#8243;][vc_video link=\u00bbhttps:\/\/www.youtube.com\/watch?v=Nh9_rWEAdHk\u00bb css=\u00bb\u00bb][\/vc_column_inner][vc_column_inner width=\u00bb1\/3&#8243;][vc_video link=\u00bbhttps:\/\/www.youtube.com\/watch?v=hBEpvXnCcRo\u00bb css=\u00bb\u00bb][\/vc_column_inner][\/vc_row_inner][\/vc_column][\/vc_row][vc_row full_width=\u00bbstretch_row\u00bb css=\u00bb.vc_custom_1742243481063{padding-top: 7rem !important;padding-bottom: 7rem !important;background: #ffffff url(https:\/\/todocanon.com\/web\/wp-content\/uploads\/2020\/08\/eacc30D0.jpg?id=1401) !important;background-position: center !important;background-repeat: no-repeat !important;background-size: cover !important;}\u00bb el_class=\u00bbbg_none\u00bb][vc_column width=\u00bb7\/12&#8243;][\/vc_column][vc_column width=\u00bb5\/12&#8243;][\/vc_column][\/vc_row][vc_row full_width=\u00bbstretch_row\u00bb disable_element=\u00bbyes\u00bb css=\u00bb.vc_custom_1746452435818{padding-top: 5.1rem !important;padding-bottom: 5.1rem !important;background-color: #f3f3f3 !important;}\u00bb][vc_column][vc_empty_space height=\u00bb30px\u00bb][\/vc_column][\/vc_row][vc_row full_width=\u00bbstretch_row\u00bb full_height=\u00bbyes\u00bb video_bg=\u00bbyes\u00bb video_bg_url=\u00bbhttps:\/\/www.youtube.com\/watch?v=I7qA4RfL3es\u00bb video_bg_parallax=\u00bbcontent-moving-fade\u00bb css=\u00bb.vc_custom_1742567054789{padding-top: 10.7rem !important;padding-bottom: 13.7rem !important;background: #414952 url(http:\/\/todocanon.com\/web\/wp-content\/uploads\/2019\/04\/camera-b.jpg?id=1008) !important;background-position: center !important;background-repeat: no-repeat !important;background-size: cover !important;}\u00bb][vc_column css_animation=\u00bbfadeIn\u00bb width=\u00bb1\/2&#8243; css=\u00bb.vc_custom_1742565807264{padding-top: 3rem !important;}\u00bb offset=\u00bbvc_hidden-lg vc_hidden-md vc_hidden-sm vc_hidden-xs\u00bb]<div class=\"sc_price_block sc_price_block_style_2 margin_left_small\" style=\"````\"><div class=\"sc_price_block_title\"><span>A partir de<\/span><\/div><div class=\"sc_price_block_money\"><div class=\"sc_price_block_icon icon-camera-light\"><\/div><div class=\"sc_price with_currency\"><span class=\"sc_price_money\"><span class=\"sc_price_currency\">$<\/span>427<\/span><\/div><\/div><div class=\"sc_price_block_description\"><\/p>\n<ul>\n<li><span style=\"font-size: 10pt;\">Imagen Referencial<\/span><\/li>\n<li><span style=\"font-size: 10pt;\">Precios pueden variar de acuerdo al modelo de c\u00e1mara reflex<\/span><\/li>\n<li><span style=\"font-size: 10pt;\">Precio en d\u00f3lares americanos (USD)<\/span><\/li>\n<\/ul>\n<p><\/div><div class=\"sc_price_block_link\"><a href=\"#\" class=\"sc_button sc_button_square sc_button_style_filled sc_button_size_medium sc_popup_link\">adquirir mi c\u00e1mara<\/a><\/div><\/div>[\/vc_column][vc_column width=\u00bb1\/2&#8243; css=\u00bb.vc_custom_1454324979195{padding-top: 3rem !important;}\u00bb][\/vc_column][\/vc_row][vc_row full_width=\u00bbstretch_row_content\u00bb parallax=\u00bbcontent-moving\u00bb parallax_image=\u00bb1056&#8243; css_animation=\u00bbfadeIn\u00bb css=\u00bb.vc_custom_1743786054588{padding-bottom: 5px !important;}\u00bb][vc_column]<div id=\"sc_clients_1890266054_wrap\" class=\"sc_clients_wrap scheme_TC01\"><div id=\"sc_clients_1890266054\" class=\"sc_clients sc_clients_style_clients-1  sc_slider_nopagination sc_slider_nocontrols margin_right_medium margin_left_medium sc_slider_swiper swiper-slider-container sc_slider_height_auto\" data-interval=\"7281\" data-slides-per-view=\"5\" style=\"````width:100%;\"><div class=\"slides swiper-wrapper\"><div class=\"swiper-slide\" data-style=\"width:100%;\" style=\"width:100%;\">\t\t\t<div id=\"sc_clients_1890266054_1\" class=\"sc_clients_item sc_clients_item_1 odd first\">\n\t\t\t\t\t\t\t\t<div class=\"sc_client_image\"><a href=\"http:\/\/inherit\"><img decoding=\"async\" class=\"wp-post-image\" alt=\"Partners 7 (CanonScan)\" src=\"https:\/\/todocanon.com\/web\/wp-content\/uploads\/2025\/04\/canonScan.png\"><\/a><\/div>\n\t\t\t\t\t\t\t<\/div>\n\t\t<\/div><div class=\"swiper-slide\" data-style=\"width:100%;\" style=\"width:100%;\">\t\t\t<div id=\"sc_clients_1890266054_2\" class=\"sc_clients_item sc_clients_item_2 even\">\n\t\t\t\t\t\t\t\t<div class=\"sc_client_image\"><a href=\"http:\/\/inherit\"><img decoding=\"async\" class=\"wp-post-image\" alt=\"Partners 6 (Pixma)\" src=\"https:\/\/todocanon.com\/web\/wp-content\/uploads\/2025\/04\/pixma.png\"><\/a><\/div>\n\t\t\t\t\t\t\t<\/div>\n\t\t<\/div><div class=\"swiper-slide\" data-style=\"width:100%;\" style=\"width:100%;\">\t\t\t<div id=\"sc_clients_1890266054_3\" class=\"sc_clients_item sc_clients_item_3 odd\">\n\t\t\t\t\t\t\t\t<div class=\"sc_client_image\"><a href=\"http:\/\/inherit\"><img decoding=\"async\" class=\"wp-post-image\" alt=\"Partners 4 (Power Shot)\" src=\"https:\/\/todocanon.com\/web\/wp-content\/uploads\/2016\/01\/power-shot.png\"><\/a><\/div>\n\t\t\t\t\t\t\t<\/div>\n\t\t<\/div><div class=\"swiper-slide\" data-style=\"width:100%;\" style=\"width:100%;\">\t\t\t<div id=\"sc_clients_1890266054_4\" class=\"sc_clients_item sc_clients_item_4 even\">\n\t\t\t\t\t\t\t\t<div class=\"sc_client_image\"><a href=\"http:\/\/inherit\"><img decoding=\"async\" class=\"wp-post-image\" alt=\"Partners 2 (CPS)\" src=\"https:\/\/todocanon.com\/web\/wp-content\/uploads\/2025\/04\/cps.png\"><\/a><\/div>\n\t\t\t\t\t\t\t<\/div>\n\t\t<\/div><div class=\"swiper-slide\" data-style=\"width:100%;\" style=\"width:100%;\">\t\t\t<div id=\"sc_clients_1890266054_5\" class=\"sc_clients_item sc_clients_item_5 odd\">\n\t\t\t\t\t\t\t\t<div class=\"sc_client_image\"><a href=\"http:\/\/inherit\"><img decoding=\"async\" class=\"wp-post-image\" alt=\"Partners 3 (EOS)\" src=\"https:\/\/todocanon.com\/web\/wp-content\/uploads\/2016\/01\/eos.png\"><\/a><\/div>\n\t\t\t\t\t\t\t<\/div>\n\t\t<\/div><div class=\"swiper-slide\" data-style=\"width:100%;\" style=\"width:100%;\">\t\t\t<div id=\"sc_clients_1890266054_6\" class=\"sc_clients_item sc_clients_item_6 even\">\n\t\t\t\t\t\t\t\t<div class=\"sc_client_image\"><a href=\"http:\/\/inherit\"><img decoding=\"async\" class=\"wp-post-image\" alt=\"Partners 8 (Selphy)\" src=\"https:\/\/todocanon.com\/web\/wp-content\/uploads\/2025\/04\/selphy.png\"><\/a><\/div>\n\t\t\t\t\t\t\t<\/div>\n\t\t<\/div><\/div><div class=\"sc_slider_controls_wrap\"><a class=\"sc_slider_prev\" href=\"#\"><\/a><a class=\"sc_slider_next\" href=\"#\"><\/a><\/div><div class=\"sc_slider_pagination_wrap\"><\/div><\/div><!-- \/.sc_clients --><\/div><!-- \/.sc_clients_wrap -->[\/vc_column][\/vc_row]<\/p>\n<\/div>","protected":false},"excerpt":{"rendered":"<p>[vc_row full_width=\u00bbstretch_row\u00bb css=\u00bb.vc_custom_1742442426938{padding-top: 5.1rem !important;padding-bottom: 5.1rem !important;background-image: url(https:\/\/todocanon.com\/web\/wp-content\/uploads\/2025\/03\/white-electronics-s2-bg-new.jpg?id=1814) !important;}\u00bb][vc_column][vc_row_inner][vc_column_inner width=\u00bb1\/3&#8243;][\/vc_column_inner][vc_column_inner width=\u00bb1\/3&#8243;][\/vc_column_inner][vc_column_inner width=\u00bb1\/3&#8243;][\/vc_column_inner][\/vc_row_inner][vc_text_separator title=\u00bbLinea de Soporte directo con el Fabricante\u00bb color=\u00bbblack\u00bb border_width=\u00bb2&#8243;][vc_cta h2=\u00bb\u00bb style=\u00bb3d\u00bb css=\u00bb\u00bb] 0800-1007903 [\/vc_cta][\/vc_column][\/vc_row][vc_row full_width=\u00bbstretch_row\u00bb css=\u00bb.vc_custom_1742961303396{padding-top: 5.1rem !important;padding-bottom: 5.1rem !important;background-image: url(https:\/\/todocanon.com\/web\/wp-content\/uploads\/2025\/03\/camera-736192_1280.jpg?id=1885) !important;background-position: center !important;background-repeat: no-repeat !important;background-size: cover !important;}\u00bb][vc_column][vc_row_inner css=\u00bb.vc_custom_1742933375448{padding-top: 10px !important;}\u00bb][vc_column_inner width=\u00bb1\/5&#8243;][vc_single_image image=\u00bb1862&#8243; img_size=\u00bblarge\u00bb onclick=\u00bbcustom_link\u00bb img_link_target=\u00bb_blank\u00bb css_animation=\u00bbfadeInUp\u00bb css=\u00bb\u00bb link=\u00bbhttps:\/\/www.cla.canon.com\/cla\/es\/consumer\/products\/cameras\/eos_cameras\u00bb][\/vc_column_inner][vc_column_inner width=\u00bb1\/5&#8243;][vc_single_image image=\u00bb1864&#8243; img_size=\u00bblarge\u00bb onclick=\u00bbcustom_link\u00bb [&hellip;]<\/p>\n","protected":false},"author":1,"featured_media":0,"parent":0,"menu_order":0,"comment_status":"closed","ping_status":"closed","template":"","meta":{"footnotes":""},"class_list":["post-349","page","type-page","status-publish","hentry"],"_links":{"self":[{"href":"https:\/\/todocanon.com\/web\/wp-json\/wp\/v2\/pages\/349","targetHints":{"allow":["GET"]}}],"collection":[{"href":"https:\/\/todocanon.com\/web\/wp-json\/wp\/v2\/pages"}],"about":[{"href":"https:\/\/todocanon.com\/web\/wp-json\/wp\/v2\/types\/page"}],"author":[{"embeddable":true,"href":"https:\/\/todocanon.com\/web\/wp-json\/wp\/v2\/users\/1"}],"replies":[{"embeddable":true,"href":"https:\/\/todocanon.com\/web\/wp-json\/wp\/v2\/comments?post=349"}],"version-history":[{"count":212,"href":"https:\/\/todocanon.com\/web\/wp-json\/wp\/v2\/pages\/349\/revisions"}],"predecessor-version":[{"id":1915,"href":"https:\/\/todocanon.com\/web\/wp-json\/wp\/v2\/pages\/349\/revisions\/1915"}],"wp:attachment":[{"href":"https:\/\/todocanon.com\/web\/wp-json\/wp\/v2\/media?parent=349"}],"curies":[{"name":"wp","href":"https:\/\/api.w.org\/{rel}","templated":true}]}}